{"id":1580,"date":"2024-12-19T15:45:01","date_gmt":"2024-12-19T15:45:01","guid":{"rendered":"https:\/\/lellerelax.hu\/?page_id=1580"},"modified":"2024-12-19T16:53:53","modified_gmt":"2024-12-19T16:53:53","slug":"altalanos-szerzodesi-feltetelek","status":"publish","type":"page","link":"https:\/\/lellerelax.hu\/en\/altalanos-szerzodesi-feltetelek\/","title":{"rendered":"General Terms and Conditions"},"content":{"rendered":"<div data-elementor-type=\"wp-page\" data-elementor-id=\"1580\" class=\"elementor elementor-1580\" data-elementor-post-type=\"page\">\n\t\t\t\t<div class=\"elementor-element elementor-element-52adbe5 e-flex e-con-boxed e-con e-parent\" data-id=\"52adbe5\" data-element_type=\"container\">\n\t\t\t\t\t<div class=\"e-con-inner\">\n\t\t<div class=\"elementor-element elementor-element-3a84a14 e-con-full e-flex e-con e-child\" data-id=\"3a84a14\" data-element_type=\"container\">\n\t\t\t\t<\/div>\n\t\t\t\t\t<\/div>\n\t\t\t\t<\/div>\n\t\t<div class=\"elementor-element elementor-element-5dc3b14 e-flex e-con-boxed e-con e-parent\" data-id=\"5dc3b14\" data-element_type=\"container\">\n\t\t\t\t\t<div class=\"e-con-inner\">\n\t\t\t\t<div class=\"elementor-element elementor-element-be12b50 elementor-widget elementor-widget-text-editor\" data-id=\"be12b50\" data-element_type=\"widget\" data-widget_type=\"text-editor.default\">\n\t\t\t\t<div class=\"elementor-widget-container\">\n\t\t\t\t\t\t\t<p>These \u201cGeneral Terms and Conditions\u201d regulate the use of the accommodation and services of the Service Provider. According to the General Terms and Conditions, the service provider, BSZP Lake Balaton Kft. (8638 Balatonlelle, Tab\u00e1n utca 27., Tax number: 28802107-2-14) is the operator of the Apr\u00f3ka Relax accommodation facilities at 38. Tab\u00e1n k\u00f6z, 8638 Balatonlelle and the Penti Relax accommodation facilities at 12. Hull\u00e1m utca 8638 Balatonlelle, hereinafter referred to as the Service Provider, enters into an Accommodation Contract with the persons using the other accommodation services, the contracting parties.<\/p><p>The scope of these GTC covers legal relationships on the Service Provider&#039;s website (https:\/\/lellerelax.hu) and its subdomains. These GTC are continuously available (and can be downloaded and printed at any time) from the following website: https:\/\/lellerelax.hu\/altalanos-szerzodesi-feltelek.<\/p><ol><li><strong> Accommodation Provider details<\/strong><\/li><\/ol><p>Name of the service provider: BSZP Lake Balaton Kft.<br \/>The service provider&#039;s registered office (and also the place of complaint handling): 8638 Balatonlelle, Tab\u00e1n utca 27.<br \/>The service provider&#039;s contact information, regularly used electronic mail address for contact with users: info@lellerelax.hu<br \/>Service provider&#039;s company registration number\/registration number: 14-09-317821<br \/>Service provider&#039;s tax number: 28802107-2-14<br \/>Service provider phone number: +36 (30) 651 9503<\/p><ol start=\"2\"><li><strong> The Contracting Party\/Parties<\/strong><\/li><\/ol><p>Guest: A person using the accommodation service, purchasing a service through the booking system on the Service Provider&#039;s website, or from the Service Provider via the email address info@lellerelax.hu or by phone at +36 (30) 651 9503, who acknowledges the GTC and accepts it as binding on him\/her, hereinafter referred to as Guest.<\/p><ol start=\"3\"><li><strong> Acceptance of terms and conditions<\/strong><\/li><\/ol><p>The Guest&#039;s acceptance of the Terms and Conditions is a prerequisite for making a purchase or using the service. The Guest&#039;s use of the service provided by the Service Provider constitutes acceptance of the Terms and Conditions.<\/p><ol start=\"4\"><li><strong> Creation of the service contract and booking process<\/strong><\/li><\/ol><p>4.1. Reservation:<\/p><p>Reservations can be made via the online booking system on the Service Provider&#039;s website, by email or by telephone. The reservation becomes valid when the Guest has paid the non-refundable deposit (50,000 HUF).<\/p><p>If the amount requested by the Service Provider to confirm the reservation (50,000 HUF) is not paid within 48 hours of the reservation date, the reservation will be canceled.<\/p><p>A verbal reservation, agreement, modification, or verbal confirmation thereof by the service provider only creates a contractual obligation if it is confirmed in writing by the service provider; verbal confirmation of the order or modification of the order by the service provider does not create a contractual obligation.<\/p><p>\u00a0The contract for the use of the service is for a fixed period of time.<\/p><p>(In the event that the guest decides before the expiry of the fixed period that he does not wish to use the service until the expiry of the fixed period and permanently leaves the guesthouse, he is still obliged to pay the full price of the service to the service provider, and the service provider is entitled to demand the full price of the ordered service. The service provider is entitled to resell the guesthouse left by the guest before the expiry of the fixed period.<\/p><p>The Guest is only entitled to extend the service if the service provider consents to this in writing no later than the day before the expiration of the fixed period.<\/p><p>The service contract may only be amended or supplemented by the written consent of the contracting parties. It is possible to reschedule a confirmed and finalized reservation to another date, subject to availability.<\/p><p>4.2. Payment methods:<\/p><p>The Service Provider provides the following payment options:<\/p><ul><li>Bank transfer<\/li><li>SZ\u00c9P Cards: OTP, MKB, K&amp;H, MBH<\/li><li>Online with a bank card: The Guest has the option to pay the total value of the order online with a bank card through the secure payment system of the financial service provider used by the Service Provider.<\/li><\/ul><p>\u00a0<\/p><p>Barion Smart Gateway is a payment gateway developed entirely in Hungary, independent of banks, suitable for accepting bank cards and e-money, which, in addition to its unbeatable prices, has many innovative functions. It is even more convenient to use after registering in just one minute. Since bank card numbers are stored in a secure system with PCI DSS certification, entering the registered email address and password is enough to use any stored card. Reports, export options, and monthly invoices on the Barion web interface help with business processes and official settlement. Transactions take place in real time, and incoming items can also be seen in the mobile application. With the help of the free Barion application, Barion users can pay with their mobile phones in more and more shops and restaurants, without having to carry cash or a bank card with them. Banking security is guaranteed by the supervision of the MNB (MNB license: H-EN-I-1064\/2013). We handle protection against bank card fraud flexibly and fairly. The Barion Smart Gateway GTC is available at the following link: https:\/\/www.barion.com\/hu\/altalanos-szerzodesi-feltetelek\/<\/p><ol start=\"5\"><li><strong> Cancellation conditions<\/strong><\/li><\/ol><p>The Guest may cancel their reservation if they notify the Service Provider of their intention to cancel in writing.<\/p><p>If the Guest cancels the reservation 14 days before arrival, only the deposit will be charged.<\/p><p>The service provider reserves the right to establish conditions in an individual contract that differ from the above when booking products subject to special conditions - such as promotional offers.<\/p><p>You can change your reservation date at least 30 days before arrival, subject to availability of the new date.<\/p><ol start=\"6\"><li><strong> Prices applied by the service provider<\/strong><\/li><\/ol><p>The current prices for accommodation are those listed on the website www.lellerelax.hu\/arak.<\/p><p>The service provider is entitled to freely change its prices at any time without prior notice, of course, provided that this does not apply to prices that have already been offered in a quote provided at the request of the contracting party.<\/p><p>When communicating prices, the service provider is obliged to indicate the tax content of the prices \u2013 e.g.: general sales tax, tourist tax \u2013 as determined by law. The service provider reserves the right to transfer additional charges to the contracting party and\/or the guest without prior notice in the event of a change in legislation.<\/p><p>The service provider is entitled to set its prices in Hungarian forints and in any convertible currency.<\/p><ol start=\"7\"><li><strong> How and conditions to use the service<\/strong><\/li><\/ol><p>Apr\u00f3ka Relax accommodation can accommodate a maximum of 2+2 people at a time, and Penti Relax accommodation can accommodate a maximum of 4+2 people at a time.<\/p><p>The Guest may occupy the accommodation ordered and confirmed by the Service Provider from 2:00 PM to 6:00 PM on the day of arrival (check in) and must vacate it by 10:00 AM on the last day of stay (check out).<\/p><p>The condition for using the Accommodation Service is that Guests verify their identity in accordance with legal requirements before occupying the accommodation.<\/p><p>If the Guest does not show up by 6:00 PM on the agreed day, the Service Provider has the right to withdraw from the contract, unless a later arrival time has been agreed.<\/p><ol start=\"8\"><li><strong> Refusal to perform the contract, termination of the service obligation<\/strong><\/li><\/ol><p>The Service Provider has the right to terminate the accommodation service contract with immediate effect or to refuse to provide the service if:<\/p><p>the Guest does not use the accommodation provided to him\/her for the intended purpose, or does not use the services provided by the Service Provider and\/or the premises used for their provision for the intended purpose, causing damage to them<\/p><p>the Guest disrupts the accommodation&#039;s house rules (https:\/\/lellerelax.hu\/hazirend\/) and does not stop the disruptive behavior despite being asked to do so, does not comply with the house rules<\/p><p>the Guest does not comply with the safety regulations of the accommodation \u2013 e.g. smoking in a prohibited place and does not stop despite being asked to do so,<\/p><p>the Guest behaves in an objectionable manner, is rude, is under the influence of excessive alcohol or drugs, is threatening, abusive, or exhibits other unacceptable behavior. Incontinent guests and guests who are unable to care for themselves may also not use the services of the apartment.<\/p><p>the Service Provider or the Guest fails to fulfill the payment guarantee (booking) or payment obligation of the purchase price requested by the service provider by the date specified by the service provider.<\/p><p>the Guest accommodates additional persons in the accommodation facilities beyond the number of persons specified in the reservation without notifying and obtaining the permission of the Service Provider.<\/p><p>If the contract between the contracting parties cannot be fulfilled due to &quot;force majeure&quot;, the contract shall be terminated.<\/p><ol start=\"9\"><li><strong> Pets<\/strong><\/li><\/ol><p>The Service Provider does not allow Guests to accommodate or bring pets into the accommodation.<\/p><ol start=\"10\"><li><strong> Guest rights<\/strong><\/li><\/ol><p>Under this contract, the Guest is entitled to use the accommodation within the selected and ordered period, as well as the facilities and equipment of the accommodation that are included in the standard range of services and are not subject to special conditions.<\/p><p>The Guest may file a complaint regarding the performance of the services provided by the Service Provider. The Service Provider undertakes to investigate the complaint submitted to it in writing or orally on site and recorded in the minutes within 72 hours of receipt of the complaint and to provide the Guest with a substantive response.<\/p><p>The Guest&#039;s right to complain ceases after leaving the accommodation.<\/p><ol start=\"11\"><li><strong> Guest&#039;s obligations<\/strong><\/li><\/ol><p>The Guest is obliged to pay the service provider the consideration for the services ordered in the contract no later than the manner and date specified in the contract.<\/p><p>Before putting into operation any electrical appliances brought to the accommodation by Guests that are not part of the usual travel necessities, the Service Provider&#039;s consent must be sought.<\/p><p>The Guest is obliged to immediately report any damage caused to the guesthouse or to him\/her to the Service Provider and to provide the owner with all necessary information that is necessary to clarify the circumstances of the damage or that is necessary for any possible violation or criminal proceedings.<\/p><p>The Guest is obliged to ensure that children under the age of 14 under their supervision stay at the accommodation only under the supervision of an adult.<\/p><ol start=\"12\"><li><strong> Guest&#039;s liability for damages <\/strong><\/li><\/ol><p>The Guest is liable for all damages suffered by the service provider or a third party caused by the Guest, his\/her companion, or persons under the supervision of any of these persons.<\/p><ol start=\"13\"><li><strong> Rights of the service provider<\/strong><\/li><\/ol><p>The Service Provider has the right to retain the amount of HUF 50,000 received for accommodation services ordered and finalized by the Guest, but not used by the Guest, as set out in the GTC and the Booking and Cancellation Conditions.<\/p><p>If the guest fails to fulfill his obligation to pay for the services used or ordered but not used, the service provider has a lien on the guests&#039; property that he brought with him to the apartment to secure his claims.<\/p><ol start=\"14\"><li><strong> Obligations of the service provider<\/strong><\/li><\/ol><p>The Service Provider is obliged to provide the accommodation and other services ordered under the contract in accordance with the applicable regulations and service standards.<\/p><p>The Service Provider is obliged to investigate the Guest&#039;s written complaint and address the problem.<\/p><ol start=\"15\"><li><strong> The service provider&#039;s liability for damages<\/strong><\/li><\/ol><p>The Service Provider assumes responsibility for any damage caused to the Guest within the apartment due to its own fault.<\/p><p>The Service Provider&#039;s liability does not extend to damages that occurred due to unavoidable causes beyond the control of the Service Provider&#039;s employees and their Guests, or were caused by the Guest or those under his\/her supervision.<\/p><p>The Service Provider is only liable for damages if the Guest reports the damage to the service provider immediately after it occurs, with the necessary information.<\/p><ol start=\"16\"><li><strong> Confidentiality<\/strong><\/li><\/ol><p>When fulfilling its obligations under this contract, the Service Provider is obliged to act in accordance with the provisions of Act CXII of 2011 on the Right to Informational Self-Determination and Freedom of Information and the relevant data protection legislation - and, if the guest has brought this to the attention of the Service Provider - the relevant internal rules of the contracting party.<\/p><ol start=\"17\"><li><strong> Force majeure<\/strong><\/li><\/ol><p>Causes and circumstances (e.g. war, fire, flood, inclement weather, power outage, strike, etc.) over which neither the Service Provider nor the Guest has control \u2013 force majeure \u2013 shall exempt either party from fulfilling their obligations under the contract for as long as such cause or circumstance exists. The contracting parties agree to do everything in their power to minimize the possibility of such causes and circumstances occurring and to remedy any damage or delay caused thereby as soon as possible.<\/p><ol start=\"18\"><li><strong> Complaints handling procedure<\/strong><\/li><\/ol><p>In case of a complaint, the Consumer has the option to contact a conciliation body, whose contact details can be found here:<\/p><p>\u00a0<\/p><p>Baranya County Conciliation Board<\/p><p>Address: 7625 P\u00e9cs, Majorossy Imre u. 36.<\/p><p>Phone number: (72) 507-154; (20) 283-3422<\/p><p>Fax number: (72) 507-152<\/p><p>President: Dr. Ferenc B\u00e9rcesi<\/p><p>Website address: www.baranyabekeltetes.hu<\/p><p>E-mail address: info@baranyabekeltetes.hu; kerelem@baranyabekeltetes.hu<\/p><p>\u00a0<\/p><p>B\u00e1cs-Kiskun County Conciliation Board Address: 6000 Kecskem\u00e9t, \u00c1rp\u00e1d krt. 4. Mailing address: 6001 Kecskem\u00e9t Pf. 228. Telephone number: (76) 501-525; (76) 501-532; (70) 702-8403<\/p><p>Fax number: (76) 501-538<\/p><p>President: Dr. Zsuzsanna Horv\u00e1th<\/p><p>Website address: www.bacsbekeltetes.hu<\/p><p>Email address: bekeltetes@bacsbekeltetes.hu<\/p><p>\u00a0<\/p><p>B\u00e9k\u00e9s County Conciliation Board<\/p><p>Address: 5600 B\u00e9k\u00e9scsaba, Penza ltp. 5.<\/p><p>Phone number: (66) 324-976<\/p><p>Fax number: (66) 324-976<\/p><p>President: Dr. L\u00e1szl\u00f3 Bagdi<\/p><p>Website address: www.bmkik.hu<\/p><p>E-mail address: bekeltetes@bmkik.hu<\/p><p>\u00a0<\/p><p>Borsod-Aba\u00faj-Zempl\u00e9n County Conciliation Board<\/p><p>Address: 3525 Miskolc, Szentp\u00e1li u. 1.<\/p><p>Phone number: (46) 501-091 (new cases); 501-871 (ongoing cases)<\/p><p>President: Dr. P\u00e9ter Tulip\u00e1n<\/p><p>Website address: www.bekeltetes.borsodmegye.hu<\/p><p>E-mail address: bekeltetes@bokik.hu<\/p><p>\u00a0<\/p><p>Budapest Conciliation Board<\/p><p>Address: 1016 Budapest, Krisztina krt. 99.<\/p><p>Phone number: (1) 488-2131<\/p><p>Fax number: (1) 488-2186<\/p><p>President: Dr. \u00c9va Veronika Inzelt<\/p><p>Website address: https:\/\/bekeltet.bkik.hu\/<\/p><p>E-mail address: bekelteto.testulet@bkik.hu<\/p><p>\u00a0<\/p><p>Csongr\u00e1d-Csan\u00e1d County Conciliation Board<\/p><p>Address: 6721 Szeged, P\u00e1rizsi krt. 8-12.<\/p><p>Phone number: (62) 554-250\/ext. 118<\/p><p>Fax number: (62) 426-149<\/p><p>President: Dr. K\u00e1roly Horv\u00e1th<\/p><p>Website address: www.bekeltetes-csongrad.hu<\/p><p>E-mail address: bekelteto.testulet@csmkik.hu<\/p><p>\u00a0<\/p><p>Fej\u00e9r County Conciliation Board<\/p><p>Address: 8000 Sz\u00e9kesfeh\u00e9rv\u00e1r, Hossz\u00fas\u00e9ta Square 4-6.<\/p><p>Phone number: (22) 510-310<\/p><p>Fax number: (22) 510-312<\/p><p>President: Dr. J\u00f3zsef V\u00e1ri Kov\u00e1cs<\/p><p>Website address: www.bekeltetesfejer.hu<\/p><p>E-mail address: bekeltetes@fmkik.hu; fmkik@fmkik.hu<\/p><p>\u00a0<\/p><p>Gy\u0151r-Moson-Sopron County Conciliation Board<\/p><p>Address: 9021 Gy\u0151r, Szent Istv\u00e1n \u00fat 10\/a.<\/p><p>Phone number: (96) 520-217<\/p><p>President: Dr. Be\u00e1ta Bagoly<\/p><p>Website address: https:\/\/gymsmkik.hu\/bekelteto<\/p><p>E-mail address: bekeltetotestulet@gymskik.hu<\/p><p>\u00a0<\/p><p>Hajd\u00fa-Bihar County Conciliation Board<\/p><p>Headquarters: 4025 Debrecen, Pet\u0151fi Square 10.<\/p><p>Administrative location: 4025 Debrecen V\u00f6r\u00f6smarty u. 13-15.<\/p><p>Phone number: (52) 500-710; (52) 500-745<\/p><p>Fax number: (52) 500-720<\/p><p>President: Dr. Zsolt Hajnal<\/p><p>Website address: https:\/\/www.hbmbekeltetes.hu<\/p><p>Email address: bekelteto@hbkik.hu<\/p><p>\u00a0<\/p><p>Heves County Conciliation Board<\/p><p>Mailing address: 3300 Eger, P.O. Box 440.<\/p><p>Customer reception: 3300 Eger, Hadnagy u. 6. ground floor<\/p><p>Phone number: (36) 416-660\/ext. 105 Fax number: (36) 323-615<\/p><p>President: Dr. Istv\u00e1n Gondos<\/p><p>Website address: www.hkik.hu\/hu\/content\/bekelteto-testulet<\/p><p>E-mail address: bekeltetes@hkik.hu<\/p><p>\u00a0<\/p><p>J\u00e1sz-Nagykun-Szolnok County Mediation Board<\/p><p>Address: 5000 Szolnok, Verseghy park 8. 3rd floor<\/p><p>Phone number: (20) 373-2570<\/p><p>Fax number: (56) 370-005<\/p><p>President: Dr. Lajk\u00f3n\u00e9 Dr. Judit V\u00edgh<\/p><p>Website address: https:\/\/www.iparkamaraszolnok.hu\/ugyintezes\/bekelteto-testulet<\/p><p>E-mail address: bekeltetotestulet@iparkamaraszolnok.hu<\/p><p>\u00a0<\/p><p>Kom\u00e1rom-Esztergom County Conciliation Board<\/p><p>Address: 2800 Tatab\u00e1nya, Main Square 36.<\/p><p>Phone number: (34) 513-010<\/p><p>Fax number: (34) 316-259<\/p><p>President: Dr. Gabriella Bures<\/p><p>Website address: www.kemkik.hu\/hu\/bekeltet-otilde-testulet<\/p><p>Email address: bekeltetes@kemkik.hu<\/p><p>\u00a0<\/p><p>N\u00f3gr\u00e1d County Conciliation Board<\/p><p>Address: 3100 Salg\u00f3tarj\u00e1n, Alkotm\u00e1ny u. 9\/a<\/p><p>Phone number: (32) 520-860<\/p><p>Fax number: (32) 520-862<\/p><p>President: Dr. Erik Pong\u00f3<\/p><p>Website address: www.nkik.hu<\/p><p>Email address: nkik@nkik.hu<\/p><p>\u00a0<\/p><p>Pest County Conciliation Board<\/p><p>Registered office: 1055 Budapest, Balassi B\u00e1lint u. 25. IV\/2.<\/p><p>address: 1364 Budapest, P.O. Box: 81<\/p><p>Phone number: (1)-269-0703<\/p><p>Fax number: (1)- 269-0703<\/p><p>President: Dr. P\u00e1l Koncz<\/p><p>Website address: www.panaszrendezes.hu<\/p><p>Email address: pmbekelteto@pmkik.hu<\/p><p>\u00a0<\/p><p>Somogy County Conciliation Board<\/p><p>Address: 7400 Kaposv\u00e1r, Anna Street 6.<\/p><p>Phone number: (82) 501-000<\/p><p>Fax number: (82) 501-046<\/p><p>President: Dr. Imre Csaplaros<\/p><p>Website address: https:\/\/www.skik.hu\/bekelteto-testulet-159<\/p><p>Email address: skik@skik.hu<\/p><p>\u00a0<\/p><p>Szabolcs-Szatm\u00e1r-Bereg County Conciliation Board<\/p><p>Address: 4400 Ny\u00edregyh\u00e1za, Sz\u00e9chenyi u. 2.<\/p><p>Phone number: (42) 420-180<\/p><p>Fax number: (42) 420-180<\/p><p>President: Mrs. G\u00f6r\u00f6mbein\u00e9 Dr. Katalin Balmaz<\/p><p>Website address: www.bekeltetes-szabolcs.hu<\/p><p>Email address: bekelteto@szabkam.hu<\/p><p>\u00a0<\/p><p>\u00a0<\/p><p>Tolna County Conciliation Board<\/p><p>Address: 7100 Szeksz\u00e1rd, Arany J. u. 23-25.<\/p><p>Phone number: (74) 411-661; (30) 664-2130<\/p><p>Fax number: (74) 411-456<\/p><p>President: Greta M\u00f3nus<\/p><p>Website address: https:\/\/www.tmkik.hu\/hu\/bekelteto-testulet_2<\/p><p>E-mail address: bekeltett@tmkik.hu; kamara@tmkik.hu<\/p><p>\u00a0<\/p><p>Vas County Conciliation Board<\/p><p>Customer reception: 9700 Szombathely, R\u00e1k\u00f3czi Ferenc u. 23.<\/p><p>Phone number: (94) 312-356; (94) 506-645; (30) 956-6708<\/p><p>Fax number: (94) 316-936<\/p><p>President: Dr. Zolt\u00e1n K\u00f6vesdi<\/p><p>Website address: www.vasibekelteto.hu<\/p><p>Email address: pergel.bea@vmkik.hu<\/p><p>\u00a0<\/p><p>\u00a0<\/p><p>\u00a0<\/p><p>Veszpr\u00e9m County Conciliation Board<\/p><p>Address: 8200 Veszpr\u00e9m, Radn\u00f3ti Square 1.<\/p><p>Phone number: (88) 814-121; (88) 814-111<\/p><p>Fax number: (88) 412-150<\/p><p>President: Dr. Klara Herjavecz<\/p><p>Website address: www.bekeltetesveszprem.hu<\/p><p>E-mail address: info@bekeltetesveszprem.hu<\/p><p>\u00a0<\/p><p>Zala County Conciliation Board<\/p><p>Address: 8900 Zalaegerszeg, Pet\u0151fi Street 24.<\/p><p>Phone number: (92) 550-513<\/p><p>Fax number: (92) 550-525<\/p><p>President: Dr. S\u00e1ndor Moln\u00e1r<\/p><p>Website address: www.bekelteteszala.hu<\/p><p>Email address: zmbekelteto@zmkik.hu<\/p><p>\u00a0<\/p><p>The conciliation body is responsible for the out-of-court settlement of consumer disputes. The conciliation body is responsible for attempting to reach an agreement between the parties to resolve the consumer dispute; if this fails, it will make a decision on the matter in order to ensure the simple, fast, efficient and cost-effective enforcement of consumer rights. The conciliation body, at the request of the consumer or the Service Provider, provides advice on the rights and obligations of the consumer.<\/p>\t\t\t\t\t\t<\/div>\n\t\t\t\t<\/div>\n\t\t\t\t\t<\/div>\n\t\t\t\t<\/div>\n\t\t\t\t<\/div>","protected":false},"excerpt":{"rendered":"<p>Jelen \u201e\u00c1ltal\u00e1nos Szerz\u0151d\u00e9si Felt\u00e9telek\u201d szab\u00e1lyozz\u00e1k a Szolg\u00e1ltat\u00f3 sz\u00e1ll\u00e1shely\u00e9nek, \u00e9s szolg\u00e1ltat\u00e1sainak ig\u00e9nybev\u00e9tel\u00e9t. Az \u00c1ltal\u00e1nos Szerz\u0151d\u00e9si Felt\u00e9telek szerint a szolg\u00e1ltat\u00f3, BSZP Lake Balaton Kft. (8638 Balatonlelle, Tab\u00e1n utca 27., Ad\u00f3sz\u00e1m: 28802107-2-14) a 8638 Balatonlelle, Tab\u00e1n k\u00f6z 38. sz\u00e1m alatti Apr\u00f3ka Relax \u00e9s a 8638 Balatonlelle, Hull\u00e1m utca 12. sz\u00e1m alatti Penti Relax sz\u00e1ll\u00e1shelyek \u00fczemeltet\u0151je, tov\u00e1bbiakban Szolg\u00e1ltat\u00f3, elsz\u00e1ll\u00e1sol\u00e1si [&hellip;]<\/p>","protected":false},"author":1,"featured_media":0,"parent":0,"menu_order":0,"comment_status":"closed","ping_status":"closed","template":"","meta":{"footnotes":""},"class_list":["post-1580","page","type-page","status-publish","hentry"],"_links":{"self":[{"href":"https:\/\/lellerelax.hu\/en\/wp-json\/wp\/v2\/pages\/1580","targetHints":{"allow":["GET"]}}],"collection":[{"href":"https:\/\/lellerelax.hu\/en\/wp-json\/wp\/v2\/pages"}],"about":[{"href":"https:\/\/lellerelax.hu\/en\/wp-json\/wp\/v2\/types\/page"}],"author":[{"embeddable":true,"href":"https:\/\/lellerelax.hu\/en\/wp-json\/wp\/v2\/users\/1"}],"replies":[{"embeddable":true,"href":"https:\/\/lellerelax.hu\/en\/wp-json\/wp\/v2\/comments?post=1580"}],"version-history":[{"count":4,"href":"https:\/\/lellerelax.hu\/en\/wp-json\/wp\/v2\/pages\/1580\/revisions"}],"predecessor-version":[{"id":1586,"href":"https:\/\/lellerelax.hu\/en\/wp-json\/wp\/v2\/pages\/1580\/revisions\/1586"}],"wp:attachment":[{"href":"https:\/\/lellerelax.hu\/en\/wp-json\/wp\/v2\/media?parent=1580"}],"curies":[{"name":"wp","href":"https:\/\/api.w.org\/{rel}","templated":true}]}}