{"id":230,"date":"2024-11-20T12:55:07","date_gmt":"2024-11-20T12:55:07","guid":{"rendered":"https:\/\/lellerelax.hu\/?page_id=230"},"modified":"2024-12-06T10:37:55","modified_gmt":"2024-12-06T10:37:55","slug":"szallashelyek","status":"publish","type":"page","link":"https:\/\/lellerelax.hu\/en\/szallashelyek\/","title":{"rendered":"Accommodations"},"content":{"rendered":"<div data-elementor-type=\"wp-page\" data-elementor-id=\"230\" class=\"elementor elementor-230\" data-elementor-post-type=\"page\">\n\t\t\t\t<div class=\"elementor-element elementor-element-1de0a83 e-flex e-con-boxed e-con e-parent\" data-id=\"1de0a83\" data-element_type=\"container\" data-settings=\"{&quot;background_background&quot;:&quot;classic&quot;}\">\n\t\t\t\t\t<div class=\"e-con-inner\">\n\t\t<div class=\"elementor-element elementor-element-e7a3427 e-con-full e-flex e-con e-child\" data-id=\"e7a3427\" data-element_type=\"container\">\n\t\t\t\t<\/div>\n\t\t\t\t\t<\/div>\n\t\t\t\t<\/div>\n\t\t<div class=\"elementor-element elementor-element-24023767 e-flex e-con-boxed e-con e-parent\" data-id=\"24023767\" data-element_type=\"container\">\n\t\t\t\t\t<div class=\"e-con-inner\">\n\t\t<div class=\"elementor-element elementor-element-79cf613b e-con-full e-flex e-con e-child\" data-id=\"79cf613b\" data-element_type=\"container\">\n\t\t<div class=\"elementor-element elementor-element-1f2a1230 e-con-full e-flex elementor-invisible e-con e-child\" data-id=\"1f2a1230\" data-element_type=\"container\" data-settings=\"{&quot;animation&quot;:&quot;fadeIn&quot;,&quot;animation_delay&quot;:&quot;200&quot;}\">\n\t\t\t\t<div class=\"elementor-element elementor-element-7a500ddb elementor-widget elementor-widget-image\" data-id=\"7a500ddb\" data-element_type=\"widget\" data-widget_type=\"image.default\">\n\t\t\t\t<div class=\"elementor-widget-container\">\n\t\t\t\t\t\t\t\t\t\t\t\t\t<img fetchpriority=\"high\" decoding=\"async\" width=\"2560\" height=\"1920\" src=\"https:\/\/lellerelax.hu\/wp-content\/uploads\/2024\/11\/0F7A279F-C21F-46BA-8CB9-0E9022F37983.JPG-masolata-scaled.jpg\" class=\"attachment-full size-full wp-image-330\" alt=\"\" srcset=\"https:\/\/lellerelax.hu\/wp-content\/uploads\/2024\/11\/0F7A279F-C21F-46BA-8CB9-0E9022F37983.JPG-masolata-scaled.jpg 2560w, https:\/\/lellerelax.hu\/wp-content\/uploads\/2024\/11\/0F7A279F-C21F-46BA-8CB9-0E9022F37983.JPG-masolata-scaled-600x450.jpg 600w, https:\/\/lellerelax.hu\/wp-content\/uploads\/2024\/11\/0F7A279F-C21F-46BA-8CB9-0E9022F37983.JPG-masolata-300x225.jpg 300w, https:\/\/lellerelax.hu\/wp-content\/uploads\/2024\/11\/0F7A279F-C21F-46BA-8CB9-0E9022F37983.JPG-masolata-1024x768.jpg 1024w, https:\/\/lellerelax.hu\/wp-content\/uploads\/2024\/11\/0F7A279F-C21F-46BA-8CB9-0E9022F37983.JPG-masolata-768x576.jpg 768w, https:\/\/lellerelax.hu\/wp-content\/uploads\/2024\/11\/0F7A279F-C21F-46BA-8CB9-0E9022F37983.JPG-masolata-1536x1152.jpg 1536w, https:\/\/lellerelax.hu\/wp-content\/uploads\/2024\/11\/0F7A279F-C21F-46BA-8CB9-0E9022F37983.JPG-masolata-2048x1536.jpg 2048w\" sizes=\"(max-width: 2560px) 100vw, 2560px\" \/>\t\t\t\t\t\t\t\t\t\t\t\t\t<\/div>\n\t\t\t\t<\/div>\n\t\t<div class=\"elementor-element elementor-element-4cfb6d58 e-con-full e-flex e-con e-child\" data-id=\"4cfb6d58\" data-element_type=\"container\">\n\t\t\t\t<div class=\"elementor-element elementor-element-5998d5cb elementor-widget elementor-widget-heading\" data-id=\"5998d5cb\" data-element_type=\"widget\" data-widget_type=\"heading.default\">\n\t\t\t\t<div class=\"elementor-widget-container\">\n\t\t\t<h6 class=\"elementor-heading-title elementor-size-default\">Little Relax<\/h6>\t\t<\/div>\n\t\t\t\t<\/div>\n\t\t\t\t<div class=\"elementor-element elementor-element-454802b5 elementor-icon-list--layout-inline elementor-list-item-link-full_width elementor-widget elementor-widget-icon-list\" data-id=\"454802b5\" data-element_type=\"widget\" data-widget_type=\"icon-list.default\">\n\t\t\t\t<div class=\"elementor-widget-container\">\n\t\t\t\t\t<ul class=\"elementor-icon-list-items elementor-inline-items\">\n\t\t\t\t\t\t\t<li class=\"elementor-icon-list-item elementor-inline-item\">\n\t\t\t\t\t\t\t\t\t\t<span class=\"elementor-icon-list-text\">Jacuzzi, Finnish sauna<\/span>\n\t\t\t\t\t\t\t\t\t<\/li>\n\t\t\t\t\t\t\t\t<li class=\"elementor-icon-list-item elementor-inline-item\">\n\t\t\t\t\t\t\t\t\t\t<span class=\"elementor-icon-list-text\">2+2 persons<\/span>\n\t\t\t\t\t\t\t\t\t<\/li>\n\t\t\t\t\t\t<\/ul>\n\t\t\t\t<\/div>\n\t\t\t\t<\/div>\n\t\t<div class=\"elementor-element elementor-element-1a7a7a8a e-con-full e-flex e-con e-child\" data-id=\"1a7a7a8a\" data-element_type=\"container\">\n\t\t\t\t<div class=\"elementor-element elementor-element-2cf95735 elementor-widget-mobile__width-inherit elementor-widget elementor-widget-jkit_button\" data-id=\"2cf95735\" data-element_type=\"widget\" data-widget_type=\"jkit_button.default\">\n\t\t\t\t<div class=\"elementor-widget-container\">\n\t\t\t<div  class=\"jeg-elementor-kit jkit-button  icon-position-before jeg_module___69f327e9ac400\" ><a href=\"https:\/\/lellerelax.hu\/en\/aproka-relax\/\" class=\"jkit-button-wrapper\">I&#039;ll have a look<\/a><\/div>\t\t<\/div>\n\t\t\t\t<\/div>\n\t\t\t\t<\/div>\n\t\t\t\t<\/div>\n\t\t\t\t<\/div>\n\t\t<div class=\"elementor-element elementor-element-6091259c e-con-full e-flex elementor-invisible e-con e-child\" data-id=\"6091259c\" data-element_type=\"container\" data-settings=\"{&quot;animation&quot;:&quot;fadeIn&quot;,&quot;animation_delay&quot;:&quot;400&quot;}\">\n\t\t\t\t<div class=\"elementor-element elementor-element-92347c3 elementor-widget elementor-widget-image\" data-id=\"92347c3\" data-element_type=\"widget\" data-widget_type=\"image.default\">\n\t\t\t\t<div class=\"elementor-widget-container\">\n\t\t\t\t\t\t\t\t\t\t\t\t\t<img decoding=\"async\" width=\"2560\" height=\"1920\" src=\"https:\/\/lellerelax.hu\/wp-content\/uploads\/2024\/11\/IMG_7579-scaled.jpg\" class=\"attachment-full size-full wp-image-154\" alt=\"\" srcset=\"https:\/\/lellerelax.hu\/wp-content\/uploads\/2024\/11\/IMG_7579-scaled.jpg 2560w, https:\/\/lellerelax.hu\/wp-content\/uploads\/2024\/11\/IMG_7579-scaled-600x450.jpg 600w, https:\/\/lellerelax.hu\/wp-content\/uploads\/2024\/11\/IMG_7579-300x225.jpg 300w, https:\/\/lellerelax.hu\/wp-content\/uploads\/2024\/11\/IMG_7579-1024x768.jpg 1024w, https:\/\/lellerelax.hu\/wp-content\/uploads\/2024\/11\/IMG_7579-768x576.jpg 768w, https:\/\/lellerelax.hu\/wp-content\/uploads\/2024\/11\/IMG_7579-1536x1152.jpg 1536w, https:\/\/lellerelax.hu\/wp-content\/uploads\/2024\/11\/IMG_7579-2048x1536.jpg 2048w\" sizes=\"(max-width: 2560px) 100vw, 2560px\" \/>\t\t\t\t\t\t\t\t\t\t\t\t\t<\/div>\n\t\t\t\t<\/div>\n\t\t<div class=\"elementor-element elementor-element-1f38def e-con-full e-flex e-con e-child\" data-id=\"1f38def\" data-element_type=\"container\">\n\t\t\t\t<div class=\"elementor-element elementor-element-7fcf9aaa elementor-widget elementor-widget-heading\" data-id=\"7fcf9aaa\" data-element_type=\"widget\" data-widget_type=\"heading.default\">\n\t\t\t\t<div class=\"elementor-widget-container\">\n\t\t\t<h6 class=\"elementor-heading-title elementor-size-default\">Relax downstairs<\/h6>\t\t<\/div>\n\t\t\t\t<\/div>\n\t\t\t\t<div class=\"elementor-element elementor-element-71c4ab62 elementor-icon-list--layout-inline elementor-list-item-link-full_width elementor-widget elementor-widget-icon-list\" data-id=\"71c4ab62\" data-element_type=\"widget\" data-widget_type=\"icon-list.default\">\n\t\t\t\t<div class=\"elementor-widget-container\">\n\t\t\t\t\t<ul class=\"elementor-icon-list-items elementor-inline-items\">\n\t\t\t\t\t\t\t<li class=\"elementor-icon-list-item elementor-inline-item\">\n\t\t\t\t\t\t\t\t\t\t<span class=\"elementor-icon-list-text\">Jacuzzi, Finnish sauna<\/span>\n\t\t\t\t\t\t\t\t\t<\/li>\n\t\t\t\t\t\t\t\t<li class=\"elementor-icon-list-item elementor-inline-item\">\n\t\t\t\t\t\t\t\t\t\t<span class=\"elementor-icon-list-text\">4+2 persons<\/span>\n\t\t\t\t\t\t\t\t\t<\/li>\n\t\t\t\t\t\t<\/ul>\n\t\t\t\t<\/div>\n\t\t\t\t<\/div>\n\t\t<div class=\"elementor-element elementor-element-5ff12a71 e-con-full e-flex e-con e-child\" data-id=\"5ff12a71\" data-element_type=\"container\">\n\t\t\t\t<div class=\"elementor-element elementor-element-587ae49a elementor-widget-mobile__width-inherit elementor-widget elementor-widget-jkit_button\" data-id=\"587ae49a\" data-element_type=\"widget\" data-widget_type=\"jkit_button.default\">\n\t\t\t\t<div class=\"elementor-widget-container\">\n\t\t\t<div  class=\"jeg-elementor-kit jkit-button  icon-position-before jeg_module__1_69f327e9ac669\" ><a href=\"https:\/\/lellerelax.hu\/en\/penti-relax\/\" class=\"jkit-button-wrapper\">I&#039;ll have a look<\/a><\/div>\t\t<\/div>\n\t\t\t\t<\/div>\n\t\t\t\t<\/div>\n\t\t\t\t<\/div>\n\t\t\t\t<\/div>\n\t\t\t\t<\/div>\n\t\t\t\t\t<\/div>\n\t\t\t\t<\/div>\n\t\t<div class=\"elementor-element elementor-element-33cc31b e-flex e-con-boxed e-con e-parent\" data-id=\"33cc31b\" data-element_type=\"container\" data-settings=\"{&quot;background_background&quot;:&quot;classic&quot;}\">\n\t\t\t\t\t<div class=\"e-con-inner\">\n\t\t<div class=\"elementor-element elementor-element-1fb08b1 e-con-full e-flex e-con e-child\" data-id=\"1fb08b1\" data-element_type=\"container\">\n\t\t\t\t<div class=\"elementor-element elementor-element-6af8388 elementor-invisible elementor-widget elementor-widget-heading\" data-id=\"6af8388\" data-element_type=\"widget\" data-settings=\"{&quot;_animation&quot;:&quot;fadeIn&quot;}\" data-widget_type=\"heading.default\">\n\t\t\t\t<div class=\"elementor-widget-container\">\n\t\t\t<h2 class=\"elementor-heading-title elementor-size-default\">Availability calendar<\/h2>\t\t<\/div>\n\t\t\t\t<\/div>\n\t\t\t\t<div class=\"elementor-element elementor-element-c226b56 elementor-invisible elementor-widget elementor-widget-heading\" data-id=\"c226b56\" data-element_type=\"widget\" data-settings=\"{&quot;_animation&quot;:&quot;fadeIn&quot;}\" data-widget_type=\"heading.default\">\n\t\t\t\t<div class=\"elementor-widget-container\">\n\t\t\t<h2 class=\"elementor-heading-title elementor-size-default\">Check out the free days<\/h2>\t\t<\/div>\n\t\t\t\t<\/div>\n\t\t<div class=\"elementor-element elementor-element-92f66fa e-grid e-con-full e-con e-child\" data-id=\"92f66fa\" data-element_type=\"container\">\n\t\t\t\t<div class=\"elementor-element elementor-element-3d6ee29 elementor-widget elementor-widget-shortcode\" data-id=\"3d6ee29\" data-element_type=\"widget\" data-widget_type=\"shortcode.default\">\n\t\t\t\t<div class=\"elementor-widget-container\">\n\t\t\t\t\t<div class=\"elementor-shortcode\"><div class=\"mphb_sc_availability_calendar-wrapper\">\t<div class=\"mphb-calendar mphb-datepick inlinePicker mphb-calendar--direct-booking\" data-room-type-id=\"428\" data-is_show_prices=\"0\" data-is_truncate_prices=\"1\" data-is_show_prices_currency=\"0\" data-first_available_check_in_date=\"2026-05-03\"><\/div>\n\t<\/div><\/div>\n\t\t\t\t<\/div>\n\t\t\t\t<\/div>\n\t\t\t\t<div class=\"elementor-element elementor-element-e5fa135 elementor-widget elementor-widget-shortcode\" data-id=\"e5fa135\" data-element_type=\"widget\" data-widget_type=\"shortcode.default\">\n\t\t\t\t<div class=\"elementor-widget-container\">\n\t\t\t\t\t<div class=\"elementor-shortcode\"><div class=\"mphb_sc_availability_calendar-wrapper\">\t<div class=\"mphb-calendar mphb-datepick inlinePicker mphb-calendar--direct-booking\" data-room-type-id=\"444\" data-is_show_prices=\"0\" data-is_truncate_prices=\"1\" data-is_show_prices_currency=\"0\" data-first_available_check_in_date=\"2026-04-30\"><\/div>\n\t<\/div><\/div>\n\t\t\t\t<\/div>\n\t\t\t\t<\/div>\n\t\t\t\t<\/div>\n\t\t\t\t<\/div>\n\t\t\t\t\t<\/div>\n\t\t\t\t<\/div>\n\t\t<div class=\"elementor-element elementor-element-6f01731e e-flex e-con-boxed e-con e-parent\" data-id=\"6f01731e\" data-element_type=\"container\">\n\t\t\t\t\t<div class=\"e-con-inner\">\n\t\t<div class=\"elementor-element elementor-element-539e6157 e-con-full e-flex e-con e-child\" data-id=\"539e6157\" data-element_type=\"container\">\n\t\t\t\t<div class=\"elementor-element elementor-element-7d71477 elementor-widget__width-inherit elementor-widget-tablet__width-initial elementor-widget-mobile__width-initial elementor-invisible elementor-widget elementor-widget-heading\" data-id=\"7d71477\" data-element_type=\"widget\" data-settings=\"{&quot;_animation&quot;:&quot;fadeIn&quot;}\" data-widget_type=\"heading.default\">\n\t\t\t\t<div class=\"elementor-widget-container\">\n\t\t\t<h2 class=\"elementor-heading-title elementor-size-default\">Frequently Asked Questions<\/h2>\t\t<\/div>\n\t\t\t\t<\/div>\n\t\t\t\t<div class=\"elementor-element elementor-element-8b00910 elementor-widget elementor-widget-spacer\" data-id=\"8b00910\" data-element_type=\"widget\" data-widget_type=\"spacer.default\">\n\t\t\t\t<div class=\"elementor-widget-container\">\n\t\t\t\t\t<div class=\"elementor-spacer\">\n\t\t\t<div class=\"elementor-spacer-inner\"><\/div>\n\t\t<\/div>\n\t\t\t\t<\/div>\n\t\t\t\t<\/div>\n\t\t\t\t<div class=\"elementor-element elementor-element-bb5e2b1 elementor-widget-mobile__width-inherit elementor-invisible elementor-widget elementor-widget-jkit_button\" data-id=\"bb5e2b1\" data-element_type=\"widget\" data-settings=\"{&quot;_animation&quot;:&quot;fadeIn&quot;,&quot;_animation_delay&quot;:&quot;400&quot;}\" data-widget_type=\"jkit_button.default\">\n\t\t\t\t<div class=\"elementor-widget-container\">\n\t\t\t<div  class=\"jeg-elementor-kit jkit-button  icon-position-before jeg_module__2_69f327e9b1ef9\" ><a href=\"https:\/\/lellerelax.hu\/en\/kapcsolat\/\" class=\"jkit-button-wrapper\">relationship<\/a><\/div>\t\t<\/div>\n\t\t\t\t<\/div>\n\t\t\t\t<\/div>\n\t\t<div class=\"elementor-element elementor-element-7b246f0d e-con-full e-flex e-con e-child\" data-id=\"7b246f0d\" data-element_type=\"container\">\n\t\t\t\t<div class=\"elementor-element elementor-element-43f9e145 elementor-invisible elementor-widget elementor-widget-jkit_accordion\" data-id=\"43f9e145\" data-element_type=\"widget\" data-settings=\"{&quot;_animation&quot;:&quot;fadeIn&quot;}\" data-widget_type=\"jkit_accordion.default\">\n\t\t\t\t<div class=\"elementor-widget-container\">\n\t\t\t<div  class=\"jeg-elementor-kit jkit-accordion style-default jeg_module__3_69f327e9b3303\" ><div class=\"card-wrapper expand\">\n                <div class=\"card-header\">\n                    <a href=\"#expand-4aef99e\" class=\"card-header-button\" aria-expanded=\"false\" data-target=\"#expand-4aef99e\" aria-controls=\"expand-4aef99e\">\n                        <span class=\"title\">How is the reservation made?<\/span><div class=\"right-icon-group\">\n                <div class=\"normal-icon\"><i aria-hidden=\"true\" class=\"jki jki-plus-light\"><\/i><\/div>\n                <div class=\"active-icon\"><i aria-hidden=\"true\" class=\"jki jki-minus-light\"><\/i><\/div>\n            <\/div>\n                    <\/a>\n                <\/div>\n                <div class=\"card-expand\" id=\"expand-4aef99e\" style=\"display:block\"><div class=\"card-body\"><p class=\"p1\">You can easily make a reservation using the booking engine on our website. Just select the desired dates and accommodation, then follow the steps to finalize your booking.<\/p><\/div><\/div>\n            <\/div><div class=\"card-wrapper\">\n                <div class=\"card-header\">\n                    <a href=\"#expand-e4df669\" class=\"card-header-button\" aria-expanded=\"false\" data-target=\"#expand-e4df669\" aria-controls=\"expand-e4df669\">\n                        <span class=\"title\">What is the minimum stay?<\/span><div class=\"right-icon-group\">\n                <div class=\"normal-icon\"><i aria-hidden=\"true\" class=\"jki jki-plus-light\"><\/i><\/div>\n                <div class=\"active-icon\"><i aria-hidden=\"true\" class=\"jki jki-minus-light\"><\/i><\/div>\n            <\/div>\n                    <\/a>\n                <\/div>\n                <div class=\"card-expand\" id=\"expand-e4df669\" style=\"display:none\"><div class=\"card-body\"><p class=\"p1\">Between June 1 and August 31, a reservation of a minimum of 5 nights is required for the guesthouses. In the rest of the year, you can book for up to 1 night.<\/p><\/div><\/div>\n            <\/div><div class=\"card-wrapper\">\n                <div class=\"card-header\">\n                    <a href=\"#expand-0c97855\" class=\"card-header-button\" aria-expanded=\"false\" data-target=\"#expand-0c97855\" aria-controls=\"expand-0c97855\">\n                        <span class=\"title\">What costs are incurred in addition to the accommodation fee?<\/span><div class=\"right-icon-group\">\n                <div class=\"normal-icon\"><i aria-hidden=\"true\" class=\"jki jki-plus-light\"><\/i><\/div>\n                <div class=\"active-icon\"><i aria-hidden=\"true\" class=\"jki jki-minus-light\"><\/i><\/div>\n            <\/div>\n                    <\/a>\n                <\/div>\n                <div class=\"card-expand\" id=\"expand-0c97855\" style=\"display:none\"><div class=\"card-body\"><p class=\"p1\">A cleaning fee of HUF 10,000 per reservation will always be charged. This fee ensures the maintenance of the guest houses&#039; cleanliness and hygiene standards.<\/p><\/div><\/div>\n            <\/div><div class=\"card-wrapper\">\n                <div class=\"card-header\">\n                    <a href=\"#expand-2d1bc8d\" class=\"card-header-button\" aria-expanded=\"false\" data-target=\"#expand-2d1bc8d\" aria-controls=\"expand-2d1bc8d\">\n                        <span class=\"title\">What equipment do the guesthouses have?<\/span><div class=\"right-icon-group\">\n                <div class=\"normal-icon\"><i aria-hidden=\"true\" class=\"jki jki-plus-light\"><\/i><\/div>\n                <div class=\"active-icon\"><i aria-hidden=\"true\" class=\"jki jki-minus-light\"><\/i><\/div>\n            <\/div>\n                    <\/a>\n                <\/div>\n                <div class=\"card-expand\" id=\"expand-2d1bc8d\" style=\"display:none\"><div class=\"card-body\"><p class=\"p1\">Both guest houses are equipped with a jacuzzi, modern equipment and a fully equipped kitchen. Apr\u00f3ka Relax Guesthouse also has a Finnish sauna. In addition, they are located in a pleasant, calm environment, so that your relaxation is perfect.<\/p><\/div><\/div>\n            <\/div><div class=\"card-wrapper\">\n                <div class=\"card-header\">\n                    <a href=\"#expand-e3f41a9\" class=\"card-header-button\" aria-expanded=\"false\" data-target=\"#expand-e3f41a9\" aria-controls=\"expand-e3f41a9\">\n                        <span class=\"title\">When is the balance due?<\/span><div class=\"right-icon-group\">\n                <div class=\"normal-icon\"><i aria-hidden=\"true\" class=\"jki jki-plus-light\"><\/i><\/div>\n                <div class=\"active-icon\"><i aria-hidden=\"true\" class=\"jki jki-minus-light\"><\/i><\/div>\n            <\/div>\n                    <\/a>\n                <\/div>\n                <div class=\"card-expand\" id=\"expand-e3f41a9\" style=\"display:none\"><div class=\"card-body\"><p class=\"p1\">After paying the deposit, the remaining part of the total amount must be paid upon arrival, or at the latest before arrival. This can be done by bank transfer or in cash.<\/p><\/div><\/div>\n            <\/div><\/div>\t\t<\/div>\n\t\t\t\t<\/div>\n\t\t\t\t<\/div>\n\t\t\t\t\t<\/div>\n\t\t\t\t<\/div>\n\t\t\t\t<\/div>","protected":false},"excerpt":{"rendered":"<p>Apr\u00f3ka Relax Jacuzzi, finn szauna 2+2 szem\u00e9ly Megn\u00e9zem Penti Relax Jacuzzi, finn szauna 4+2 szem\u00e9ly Megn\u00e9zem Foglalts\u00e1gi napt\u00e1r N\u00e9zzetek meg a szabad napokat Gyakran Ism\u00e9telt K\u00e9rd\u00e9sek kapcsolat Hogyan t\u00f6rt\u00e9nik a foglal\u00e1s? A foglal\u00e1st egyszer\u0171en elv\u00e9gezhetitek a weboldalunkon tal\u00e1lhat\u00f3 foglal\u00f3motor seg\u00edts\u00e9g\u00e9vel. Csak v\u00e1lassz\u00e1tok ki a k\u00edv\u00e1nt d\u00e1tumokat \u00e9s sz\u00e1ll\u00e1shelyet, majd k\u00f6vess\u00e9tek a l\u00e9p\u00e9seket a foglal\u00e1s v\u00e9gleges\u00edt\u00e9s\u00e9hez. [&hellip;]<\/p>","protected":false},"author":1,"featured_media":0,"parent":0,"menu_order":0,"comment_status":"closed","ping_status":"closed","template":"","meta":{"footnotes":""},"class_list":["post-230","page","type-page","status-publish","hentry"],"_links":{"self":[{"href":"https:\/\/lellerelax.hu\/en\/wp-json\/wp\/v2\/pages\/230","targetHints":{"allow":["GET"]}}],"collection":[{"href":"https:\/\/lellerelax.hu\/en\/wp-json\/wp\/v2\/pages"}],"about":[{"href":"https:\/\/lellerelax.hu\/en\/wp-json\/wp\/v2\/types\/page"}],"author":[{"embeddable":true,"href":"https:\/\/lellerelax.hu\/en\/wp-json\/wp\/v2\/users\/1"}],"replies":[{"embeddable":true,"href":"https:\/\/lellerelax.hu\/en\/wp-json\/wp\/v2\/comments?post=230"}],"version-history":[{"count":33,"href":"https:\/\/lellerelax.hu\/en\/wp-json\/wp\/v2\/pages\/230\/revisions"}],"predecessor-version":[{"id":1515,"href":"https:\/\/lellerelax.hu\/en\/wp-json\/wp\/v2\/pages\/230\/revisions\/1515"}],"wp:attachment":[{"href":"https:\/\/lellerelax.hu\/en\/wp-json\/wp\/v2\/media?parent=230"}],"curies":[{"name":"wp","href":"https:\/\/api.w.org\/{rel}","templated":true}]}}