{"id":622,"date":"2024-11-28T07:56:28","date_gmt":"2024-11-28T07:56:28","guid":{"rendered":"https:\/\/lellerelax.hu\/?page_id=622"},"modified":"2024-11-28T08:16:16","modified_gmt":"2024-11-28T08:16:16","slug":"impresszum","status":"publish","type":"page","link":"https:\/\/lellerelax.hu\/en\/impresszum\/","title":{"rendered":"Imprint"},"content":{"rendered":"<div data-elementor-type=\"wp-page\" data-elementor-id=\"622\" class=\"elementor elementor-622\" data-elementor-post-type=\"page\">\n\t\t\t\t<div class=\"elementor-element elementor-element-6bfd851 e-flex e-con-boxed e-con e-parent\" data-id=\"6bfd851\" data-element_type=\"container\">\n\t\t\t\t\t<div class=\"e-con-inner\">\n\t\t<div class=\"elementor-element elementor-element-7441fb8 e-con-full e-flex e-con e-child\" data-id=\"7441fb8\" data-element_type=\"container\">\n\t\t\t\t<\/div>\n\t\t\t\t\t<\/div>\n\t\t\t\t<\/div>\n\t\t<div class=\"elementor-element elementor-element-264e0f9 e-flex e-con-boxed e-con e-parent\" data-id=\"264e0f9\" data-element_type=\"container\">\n\t\t\t\t\t<div class=\"e-con-inner\">\n\t\t\t\t<div class=\"elementor-element elementor-element-9058af5 elementor-widget elementor-widget-text-editor\" data-id=\"9058af5\" data-element_type=\"widget\" data-widget_type=\"text-editor.default\">\n\t\t\t\t<div class=\"elementor-widget-container\">\n\t\t\t\t\t\t\t<h3 class=\"entry-title\">The operator of the website www.lellerelax.hu<\/h3><div class=\"page-content\"><p>Operator name: BSZP Lake Balaton Ltd.<br \/>Registered office: 8638 Balatonlelle, Tab\u00e1n Street 27.<br \/>Tax number: 28802107-2-14<br \/>Email address: info@lellerelax.hu<br \/>Phone number: +36 (30) 651 9503<\/p><hr \/><h3><strong>STORAGE PROVIDER:<\/strong><\/h3><p>RACKFOREST ZRT.<br \/>Headquarters address: 1132 Budapest, Victor Hugo Street 11. 5th floor. B05001.<br \/>Email address: info@rackforest.com<\/p><\/div>\t\t\t\t\t\t<\/div>\n\t\t\t\t<\/div>\n\t\t\t\t\t<\/div>\n\t\t\t\t<\/div>\n\t\t\t\t<\/div>","protected":false},"excerpt":{"rendered":"<p>A www.lellerelax.hu weboldal \u00fczemeltet\u0151je \u00dczemeltet\u0151 neve: BSZP Lake Balaton Kft.Sz\u00e9khely: 8638 Balatonlelle, Tab\u00e1n utca 27.Ad\u00f3sz\u00e1m: 28802107-2-14Email c\u00edm: info@lellerelax.huTelefonsz\u00e1m: +36 (30) 651 9503 T\u00c1RHELYSZOLG\u00c1LTAT\u00d3: RACKFOREST ZRT.Sz\u00e9khely c\u00edm: 1132 Budapest, Victor Hugo utca 11. 5. em. B05001.E-mail c\u00edm: info@rackforest.com<\/p>","protected":false},"author":1,"featured_media":0,"parent":0,"menu_order":0,"comment_status":"closed","ping_status":"closed","template":"","meta":{"footnotes":""},"class_list":["post-622","page","type-page","status-publish","hentry"],"_links":{"self":[{"href":"https:\/\/lellerelax.hu\/en\/wp-json\/wp\/v2\/pages\/622","targetHints":{"allow":["GET"]}}],"collection":[{"href":"https:\/\/lellerelax.hu\/en\/wp-json\/wp\/v2\/pages"}],"about":[{"href":"https:\/\/lellerelax.hu\/en\/wp-json\/wp\/v2\/types\/page"}],"author":[{"embeddable":true,"href":"https:\/\/lellerelax.hu\/en\/wp-json\/wp\/v2\/users\/1"}],"replies":[{"embeddable":true,"href":"https:\/\/lellerelax.hu\/en\/wp-json\/wp\/v2\/comments?post=622"}],"version-history":[{"count":4,"href":"https:\/\/lellerelax.hu\/en\/wp-json\/wp\/v2\/pages\/622\/revisions"}],"predecessor-version":[{"id":627,"href":"https:\/\/lellerelax.hu\/en\/wp-json\/wp\/v2\/pages\/622\/revisions\/627"}],"wp:attachment":[{"href":"https:\/\/lellerelax.hu\/en\/wp-json\/wp\/v2\/media?parent=622"}],"curies":[{"name":"wp","href":"https:\/\/api.w.org\/{rel}","templated":true}]}}