{"id":634,"date":"2024-11-28T08:33:21","date_gmt":"2024-11-28T08:33:21","guid":{"rendered":"https:\/\/lellerelax.hu\/?page_id=634"},"modified":"2024-12-04T14:48:27","modified_gmt":"2024-12-04T14:48:27","slug":"hazirend","status":"publish","type":"page","link":"https:\/\/lellerelax.hu\/en\/hazirend\/","title":{"rendered":"House rules"},"content":{"rendered":"<div data-elementor-type=\"wp-page\" data-elementor-id=\"634\" class=\"elementor elementor-634\" data-elementor-post-type=\"page\">\n\t\t\t\t<div class=\"elementor-element elementor-element-6bfd851 e-flex e-con-boxed e-con e-parent\" data-id=\"6bfd851\" data-element_type=\"container\">\n\t\t\t\t\t<div class=\"e-con-inner\">\n\t\t<div class=\"elementor-element elementor-element-7441fb8 e-con-full e-flex e-con e-child\" data-id=\"7441fb8\" data-element_type=\"container\">\n\t\t\t\t<\/div>\n\t\t\t\t\t<\/div>\n\t\t\t\t<\/div>\n\t\t<div class=\"elementor-element elementor-element-264e0f9 e-flex e-con-boxed e-con e-parent\" data-id=\"264e0f9\" data-element_type=\"container\">\n\t\t\t\t\t<div class=\"e-con-inner\">\n\t\t\t\t<div class=\"elementor-element elementor-element-9058af5 elementor-widget elementor-widget-text-editor\" data-id=\"9058af5\" data-element_type=\"widget\" data-widget_type=\"text-editor.default\">\n\t\t\t\t<div class=\"elementor-widget-container\">\n\t\t\t\t\t\t\t<p class=\"p1\">Welcome to our accommodations! Please read the following house rules carefully, which ensure the comfort and undisturbed rest of all our guests.<\/p><p class=\"p4\"><b>General rules<\/b><b><\/b><\/p><p class=\"p5\">1. Only the persons listed in the reservation may stay in our accommodations.<\/p><p class=\"p5\">2. Please observe the silence regulations in our rest areas between 10:00 PM and 8:00 AM.<\/p><p class=\"p5\">3. Smoking is only allowed in designated areas. Smoking is strictly prohibited inside the premises.<\/p><p class=\"p5\">4. Please take care of the equipment and cleanliness. In case of injury or damage, the responsible guest is obliged to compensate for the damage caused.<\/p><p class=\"p4\"><b>Sauna usage rules<\/b><b><\/b><\/p><p class=\"p5\">1. The sauna is to be used solely at your own risk, adult supervision is mandatory for children.<\/p><p class=\"p5\">2. Shower before use and use a towel to protect the seats.<\/p><p class=\"p5\">3. A maximum of 2-3 people can use the sauna at a time to ensure proper ventilation.<\/p><p class=\"p5\">4. The sauna time should be a maximum of 20 minutes, after which it is recommended to rest and hydrate.<\/p><p class=\"p5\">5. Please do not pour more than 2 spoons of water onto the sauna heater at a time.<\/p><p class=\"p4\"><b>Jacuzzi usage rules<\/b><b><\/b><\/p><p class=\"p5\">1. Showering is mandatory before using the jacuzzi.<\/p><p class=\"p5\">2. The jacuzzi can only be used at your own risk, children may only stay in it under adult supervision.<\/p><p class=\"p5\">3. Do not use the jacuzzi while under the influence of alcohol or medication.<\/p><p class=\"p5\">4. To maintain the purity of the water, please do not use creams, oils or other cosmetics in the jacuzzi.<\/p><p class=\"p5\">5. Eating and using glass objects near the jacuzzi is prohibited.<\/p><p>6. If you are not using the jacuzzi, please put the cover back on.\u00a0<\/p><p class=\"p4\"><b>Check-out and departure<\/b><b><\/b><\/p><p class=\"p5\">1. Please leave the accommodation before check-out time (10:00).<\/p><p class=\"p5\">2. Before leaving, make sure that you have left the equipment and tools as intended.<\/p><p class=\"p1\">Thank you for your cooperation! Our goal is to provide a pleasant and undisturbed vacation for all our guests. If you have any questions or problems, please contact us with confidence.<\/p>\t\t\t\t\t\t<\/div>\n\t\t\t\t<\/div>\n\t\t\t\t\t<\/div>\n\t\t\t\t<\/div>\n\t\t\t\t<\/div>","protected":false},"excerpt":{"rendered":"<p>\u00dcdv\u00f6zl\u00fcnk sz\u00e1ll\u00e1shelyeinken! K\u00e9rj\u00fck, olvass\u00e1tok el figyelmesen az al\u00e1bbi h\u00e1zirendet, amely biztos\u00edtja minden vend\u00e9g\u00fcnk k\u00e9nyelm\u00e9t \u00e9s zavartalan pihen\u00e9s\u00e9t. \u00c1ltal\u00e1nos szab\u00e1lyok 1.A sz\u00e1ll\u00e1shelyeinken kiz\u00e1r\u00f3lag a foglal\u00e1sban szerepl\u0151 szem\u00e9lyek tart\u00f3zkodhatnak. 2.A pihen\u0151helyeink ter\u00fclet\u00e9n 22:00 \u00e9s 8:00 \u00f3ra k\u00f6z\u00f6tt k\u00e9rj\u00fck, tarts\u00e1tok be a csendrendeletet. 3.Doh\u00e1nyozni kiz\u00e1r\u00f3lag a kijel\u00f6lt helyeken megengedett. A bels\u0151 helyis\u00e9geiben szigor\u00faan tilos a doh\u00e1nyz\u00e1s. 4.K\u00e9rj\u00fck, vigy\u00e1zzatok [&hellip;]<\/p>","protected":false},"author":1,"featured_media":0,"parent":0,"menu_order":0,"comment_status":"closed","ping_status":"closed","template":"","meta":{"footnotes":""},"class_list":["post-634","page","type-page","status-publish","hentry"],"_links":{"self":[{"href":"https:\/\/lellerelax.hu\/en\/wp-json\/wp\/v2\/pages\/634","targetHints":{"allow":["GET"]}}],"collection":[{"href":"https:\/\/lellerelax.hu\/en\/wp-json\/wp\/v2\/pages"}],"about":[{"href":"https:\/\/lellerelax.hu\/en\/wp-json\/wp\/v2\/types\/page"}],"author":[{"embeddable":true,"href":"https:\/\/lellerelax.hu\/en\/wp-json\/wp\/v2\/users\/1"}],"replies":[{"embeddable":true,"href":"https:\/\/lellerelax.hu\/en\/wp-json\/wp\/v2\/comments?post=634"}],"version-history":[{"count":7,"href":"https:\/\/lellerelax.hu\/en\/wp-json\/wp\/v2\/pages\/634\/revisions"}],"predecessor-version":[{"id":995,"href":"https:\/\/lellerelax.hu\/en\/wp-json\/wp\/v2\/pages\/634\/revisions\/995"}],"wp:attachment":[{"href":"https:\/\/lellerelax.hu\/en\/wp-json\/wp\/v2\/media?parent=634"}],"curies":[{"name":"wp","href":"https:\/\/api.w.org\/{rel}","templated":true}]}}