{"id":639,"date":"2024-11-28T08:42:57","date_gmt":"2024-11-28T08:42:57","guid":{"rendered":"https:\/\/lellerelax.hu\/?page_id=639"},"modified":"2024-12-04T14:41:49","modified_gmt":"2024-12-04T14:41:49","slug":"foglalasi-es-lemondasi-szabalyzat","status":"publish","type":"page","link":"https:\/\/lellerelax.hu\/en\/foglalasi-es-lemondasi-szabalyzat\/","title":{"rendered":"Reservation and cancellation policy"},"content":{"rendered":"<div data-elementor-type=\"wp-page\" data-elementor-id=\"639\" class=\"elementor elementor-639\" data-elementor-post-type=\"page\">\n\t\t\t\t<div class=\"elementor-element elementor-element-6bfd851 e-flex e-con-boxed e-con e-parent\" data-id=\"6bfd851\" data-element_type=\"container\">\n\t\t\t\t\t<div class=\"e-con-inner\">\n\t\t<div class=\"elementor-element elementor-element-7441fb8 e-con-full e-flex e-con e-child\" data-id=\"7441fb8\" data-element_type=\"container\">\n\t\t\t\t<\/div>\n\t\t\t\t\t<\/div>\n\t\t\t\t<\/div>\n\t\t<div class=\"elementor-element elementor-element-264e0f9 e-flex e-con-boxed e-con e-parent\" data-id=\"264e0f9\" data-element_type=\"container\">\n\t\t\t\t\t<div class=\"e-con-inner\">\n\t\t\t\t<div class=\"elementor-element elementor-element-9058af5 elementor-widget elementor-widget-text-editor\" data-id=\"9058af5\" data-element_type=\"widget\" data-widget_type=\"text-editor.default\">\n\t\t\t\t<div class=\"elementor-widget-container\">\n\t\t\t\t\t\t\t<p class=\"p1\">Please read our booking and cancellation terms and conditions carefully to ensure that everything goes smoothly during your stay.<\/p><p class=\"p4\"><b>Booking conditions<\/b><b><\/b><\/p><p class=\"p5\">1.<b>Booking process:<\/b><b><\/b><\/p><p class=\"p1\">You can make your reservations through the booking system available on our website. To finalize your reservation, we request a non-refundable deposit of HUF 50,000.<\/p><p class=\"p5\">2.<b>Minimum stay:<\/b><b><\/b><\/p><p class=\"p1\">A minimum of 5 nights can be booked between June 1st and August 31st, there is no minimum stay during other periods.<\/p><p class=\"p5\">3.<b>Cleaning fee:<\/b><b><\/b><\/p><p class=\"p1\">A one-time cleaning fee of HUF 10,000 will be charged for each booking.<\/p><p class=\"p5\">4.<b>Tourist tax:<\/b><b><\/b><\/p><p class=\"p1\">The price does not include the tourist tax, which is payable over the age of 18: 500 HUF \/ person \/ night.<\/p><p class=\"p5\">5.<b>Payment methods:<\/b><b><\/b><\/p><p class=\"p1\">Accepted currencies: HUF (Ft)<\/p><p class=\"p1\">Accepted cards: OTP, MKB, K&amp;H and MBH SZ\u00c9P Cards.<\/p><p class=\"p4\"><b>Cancellation conditions<\/b><b><\/b><\/p><p class=\"p5\">1.<b>Booking refund:<\/b><b><\/b><\/p><p class=\"p1\">The deposit amount (50,000 HUF) is non-refundable.<\/p><p class=\"p5\">2.<b>Cancellation date:<\/b><b><\/b><\/p><p class=\"p1\">If you cancel your reservation 14 days before arrival, only the deposit will be charged.\u00a0<\/p><p class=\"p5\">3.<b>Amendment:<\/b><b><\/b><\/p><p class=\"p1\">You can change your reservation date at least 30 days before arrival, subject to availability of the new date.<\/p><p class=\"p5\">4.<b>No-show (non-arrival):<\/b><b><\/b><\/p><p class=\"p1\">If you do not arrive and do not notify us in advance, we will charge the full reservation fee.<\/p><p class=\"p4\"><b>Other conditions<\/b><b><\/b><\/p><p class=\"p6\">\u2022<b>Appointment changes and contact:<\/b><b><\/b><\/p><p class=\"p1\">Please notify us of any changes or questions by email or phone.<\/p><p class=\"p6\">\u2022<b>Secure payment:<\/b><b><\/b><\/p><p class=\"p1\">Our booking system guarantees secure online payment so you can enjoy your vacation without any worries.<\/p><p class=\"p1\">We are at your disposal for any further questions! Our goal is to make your booking and stay a smooth and pleasant experience for you in every aspect.<\/p>\t\t\t\t\t\t<\/div>\n\t\t\t\t<\/div>\n\t\t\t\t\t<\/div>\n\t\t\t\t<\/div>\n\t\t\t\t<\/div>","protected":false},"excerpt":{"rendered":"<p>K\u00e9rj\u00fck, figyelmesen olvass\u00e1tok el foglal\u00e1si \u00e9s lemond\u00e1si felt\u00e9teleinket, hogy tart\u00f3zkod\u00e1sotok sor\u00e1n minden z\u00f6kken\u0151mentesen alakuljon. Foglal\u00e1si felt\u00e9telek 1.Foglal\u00e1s menete: A foglal\u00e1sokat a weboldalunkon el\u00e9rhet\u0151 foglal\u00e1si rendszeren kereszt\u00fcl tudj\u00e1tok leadni. A foglal\u00e1s v\u00e9gleges\u00edt\u00e9s\u00e9hez 50.000 Ft foglal\u00f3t k\u00e9r\u00fcnk, amely nem visszat\u00e9r\u00edtend\u0151. 2.Minimum tart\u00f3zkod\u00e1s: J\u00fanius 1. \u00e9s augusztus 31. k\u00f6z\u00f6tt minimum 5 \u00e9jszaka foglalhat\u00f3, egy\u00e9b id\u0151szakokban minimum tart\u00f3zkod\u00e1si id\u0151 [&hellip;]<\/p>","protected":false},"author":1,"featured_media":0,"parent":0,"menu_order":0,"comment_status":"closed","ping_status":"closed","template":"","meta":{"footnotes":""},"class_list":["post-639","page","type-page","status-publish","hentry"],"_links":{"self":[{"href":"https:\/\/lellerelax.hu\/en\/wp-json\/wp\/v2\/pages\/639","targetHints":{"allow":["GET"]}}],"collection":[{"href":"https:\/\/lellerelax.hu\/en\/wp-json\/wp\/v2\/pages"}],"about":[{"href":"https:\/\/lellerelax.hu\/en\/wp-json\/wp\/v2\/types\/page"}],"author":[{"embeddable":true,"href":"https:\/\/lellerelax.hu\/en\/wp-json\/wp\/v2\/users\/1"}],"replies":[{"embeddable":true,"href":"https:\/\/lellerelax.hu\/en\/wp-json\/wp\/v2\/comments?post=639"}],"version-history":[{"count":13,"href":"https:\/\/lellerelax.hu\/en\/wp-json\/wp\/v2\/pages\/639\/revisions"}],"predecessor-version":[{"id":992,"href":"https:\/\/lellerelax.hu\/en\/wp-json\/wp\/v2\/pages\/639\/revisions\/992"}],"wp:attachment":[{"href":"https:\/\/lellerelax.hu\/en\/wp-json\/wp\/v2\/media?parent=639"}],"curies":[{"name":"wp","href":"https:\/\/api.w.org\/{rel}","templated":true}]}}